{"id":4609,"date":"2024-10-28T10:35:55","date_gmt":"2024-10-28T10:35:55","guid":{"rendered":"https:\/\/retailmediabaltic.com\/?page_id=4609"},"modified":"2025-01-02T10:17:03","modified_gmt":"2025-01-02T10:17:03","slug":"paslaugu-teikimo-salygos","status":"publish","type":"page","link":"https:\/\/retailmediabaltic.com\/lt\/paslaugu-teikimo-salygos\/","title":{"rendered":"Paslaug\u0173 teikimo s\u0105lygos"},"content":{"rendered":"\t\t<div data-elementor-type=\"wp-page\" data-elementor-id=\"4609\" class=\"elementor elementor-4609\" data-elementor-post-type=\"page\">\n\t\t\t\t\t\t<section class=\"elementor-section elementor-top-section elementor-element elementor-element-d4f951e elementor-section-boxed elementor-section-height-default elementor-section-height-default\" data-id=\"d4f951e\" data-element_type=\"section\" data-e-type=\"section\">\n\t\t\t\t\t\t<div class=\"elementor-container elementor-column-gap-default\">\n\t\t\t\t\t<div class=\"elementor-column elementor-col-100 elementor-top-column elementor-element elementor-element-96826f7\" data-id=\"96826f7\" data-element_type=\"column\" data-e-type=\"column\">\n\t\t\t<div class=\"elementor-widget-wrap elementor-element-populated\">\n\t\t\t\t\t\t<div class=\"elementor-element elementor-element-e64f37c elementor-widget elementor-widget-heading\" data-id=\"e64f37c\" data-element_type=\"widget\" data-e-type=\"widget\" data-widget_type=\"heading.default\">\n\t\t\t\t<div class=\"elementor-widget-container\">\n\t\t\t\t\t<h2 class=\"elementor-heading-title elementor-size-default\">Paslaug\u0173 teikimo s\u0105lygos <\/h2>\t\t\t\t<\/div>\n\t\t\t\t<\/div>\n\t\t\t\t\t<\/div>\n\t\t<\/div>\n\t\t\t\t\t<\/div>\n\t\t<\/section>\n\t\t\t\t<section class=\"elementor-section elementor-top-section elementor-element elementor-element-8a0c215 elementor-section-boxed elementor-section-height-default elementor-section-height-default\" data-id=\"8a0c215\" data-element_type=\"section\" data-e-type=\"section\">\n\t\t\t\t\t\t<div class=\"elementor-container elementor-column-gap-default\">\n\t\t\t\t\t<div class=\"elementor-column elementor-col-100 elementor-top-column elementor-element elementor-element-0409b3f\" data-id=\"0409b3f\" data-element_type=\"column\" data-e-type=\"column\">\n\t\t\t<div class=\"elementor-widget-wrap elementor-element-populated\">\n\t\t\t\t\t\t<div class=\"elementor-element elementor-element-f29e771 elementor-widget elementor-widget-spacer\" data-id=\"f29e771\" data-element_type=\"widget\" data-e-type=\"widget\" data-widget_type=\"spacer.default\">\n\t\t\t\t<div class=\"elementor-widget-container\">\n\t\t\t\t\t\t\t<div class=\"elementor-spacer\">\n\t\t\t<div class=\"elementor-spacer-inner\"><\/div>\n\t\t<\/div>\n\t\t\t\t\t\t<\/div>\n\t\t\t\t<\/div>\n\t\t\t\t\t<\/div>\n\t\t<\/div>\n\t\t\t\t\t<\/div>\n\t\t<\/section>\n\t\t\t\t<section class=\"elementor-section elementor-top-section elementor-element elementor-element-109b2d67 elementor-section-boxed elementor-section-height-default elementor-section-height-default\" data-id=\"109b2d67\" data-element_type=\"section\" data-e-type=\"section\">\n\t\t\t\t\t\t<div class=\"elementor-container elementor-column-gap-default\">\n\t\t\t\t\t<div class=\"elementor-column elementor-col-100 elementor-top-column elementor-element elementor-element-6814122c\" data-id=\"6814122c\" data-element_type=\"column\" data-e-type=\"column\">\n\t\t\t<div class=\"elementor-widget-wrap elementor-element-populated\">\n\t\t\t\t\t\t<div class=\"elementor-element elementor-element-2ff036ba elementor-widget__width-initial elementor-widget elementor-widget-text-editor\" data-id=\"2ff036ba\" data-element_type=\"widget\" data-e-type=\"widget\" data-widget_type=\"text-editor.default\">\n\t\t\t\t<div class=\"elementor-widget-container\">\n\t\t\t\t\t\t\t\t\t<p><strong>Paskutin\u012f kart\u0105 atnaujinta: 2024 m. spalio 28 d.<\/strong><\/p><h4>1. \u012evadas<\/h4><p>\u0160ios paslaug\u0173 teikimo s\u0105lygos (toliau \u2013 S\u0105lygos) reglamentuoja naudojim\u0105si svetaine Retailmediabaltic.com kuri\u0105 valdo UAB \u201eDynamic Solutions\u201c.<\/p><h4>2. Paslaugos<\/h4><p>M\u016bs\u0173 svetain\u0117je galite rasti informacij\u0105 apie ma\u017emenin\u0119 rinkodar\u0105 ir u\u017epildyti kontaktin\u0119 form\u0105. Pateikdami savo duomenis, j\u016bs sutinkate su \u0161iomis s\u0105lygomis.<\/p><h4>3. Duomen\u0173 rinkimas ir naudojimas<\/h4><p>Renkame j\u016bs\u0173 vard\u0105 ir el. pa\u0161to adres\u0105, kad gal\u0117tume su jumis susisiekti ir si\u0173sti rinkodaros informacij\u0105. Duomenys gali b\u016bti perduodami tre\u010diosioms \u0161alims tik analitikos ir rinkodaros tikslais.<\/p><h4>4. J\u016bs\u0173 teis\u0117s<\/h4><p>J\u016bs turite teis\u0119:<\/p><ul class=\"wp-block-list\"><li>Gauti informacij\u0105 apie tai, kokie asmens duomenys yra renkami.<\/li><li>Pra\u0161yti i\u0161taisyti netikslius duomenis.<\/li><li>I\u0161trinti savo asmens duomenis.<\/li><li>Apriboti duomen\u0173 tvarkym\u0105.<\/li><\/ul><h4>5. Atsakomyb\u0117<\/h4><p>UAB \u201eDynamic Solutions\u201c neatsako u\u017e jokius nuostolius, kurie gali atsirasti naudojantis \u0161ia svetaine ar d\u0117l neteisingos informacijos.<\/p><h4>6. Politika d\u0117l atnaujinim\u0173<\/h4><p>Mes pasiliekame teis\u0119 keisti \u0161ias s\u0105lygas. Atnaujinimus paskelbsime m\u016bs\u0173 svetain\u0117je.<\/p><h4>7. Kontaktin\u0117 informacija<\/h4><p>Jei turite klausim\u0173 d\u0117l \u0161i\u0173 s\u0105lyg\u0173, susisiekite su mumis el. pa\u0161tu <a href=\"mailto:info@retailmediabaltic.com\">info@retailmediabaltic.com<\/a> arba tel. <strong>+370 698 55855<\/strong>.<\/p>\t\t\t\t\t\t\t\t<\/div>\n\t\t\t\t<\/div>\n\t\t\t\t\t<\/div>\n\t\t<\/div>\n\t\t\t\t\t<\/div>\n\t\t<\/section>\n\t\t\t\t<section class=\"elementor-section elementor-top-section elementor-element elementor-element-0e60603 elementor-section-boxed elementor-section-height-default elementor-section-height-default\" data-id=\"0e60603\" data-element_type=\"section\" data-e-type=\"section\">\n\t\t\t\t\t\t<div class=\"elementor-container elementor-column-gap-default\">\n\t\t\t\t\t<div class=\"elementor-column elementor-col-100 elementor-top-column elementor-element elementor-element-00a21bc\" data-id=\"00a21bc\" data-element_type=\"column\" data-e-type=\"column\">\n\t\t\t<div class=\"elementor-widget-wrap\">\n\t\t\t\t\t\t\t<\/div>\n\t\t<\/div>\n\t\t\t\t\t<\/div>\n\t\t<\/section>\n\t\t\t\t<\/div>\n\t\t","protected":false},"excerpt":{"rendered":"<p>Paslaug\u0173 teikimo s\u0105lygos Paskutin\u012f kart\u0105 atnaujinta: 2024 m. spalio 28 d. 1. \u012evadas \u0160ios paslaug\u0173 teikimo s\u0105lygos (toliau \u2013 S\u0105lygos) reglamentuoja naudojim\u0105si svetaine Retailmediabaltic.com kuri\u0105 valdo UAB \u201eDynamic Solutions\u201c. 2. Paslaugos M\u016bs\u0173 svetain\u0117je galite rasti informacij\u0105 apie ma\u017emenin\u0119 rinkodar\u0105 ir u\u017epildyti kontaktin\u0119 form\u0105. Pateikdami savo duomenis, j\u016bs sutinkate su \u0161iomis s\u0105lygomis. 3. Duomen\u0173 rinkimas ir [&hellip;]<\/p>\n","protected":false},"author":5,"featured_media":0,"parent":0,"menu_order":0,"comment_status":"closed","ping_status":"closed","template":"","meta":{"footnotes":""},"class_list":["post-4609","page","type-page","status-publish","hentry"],"_links":{"self":[{"href":"https:\/\/retailmediabaltic.com\/lt\/wp-json\/wp\/v2\/pages\/4609","targetHints":{"allow":["GET"]}}],"collection":[{"href":"https:\/\/retailmediabaltic.com\/lt\/wp-json\/wp\/v2\/pages"}],"about":[{"href":"https:\/\/retailmediabaltic.com\/lt\/wp-json\/wp\/v2\/types\/page"}],"author":[{"embeddable":true,"href":"https:\/\/retailmediabaltic.com\/lt\/wp-json\/wp\/v2\/users\/5"}],"replies":[{"embeddable":true,"href":"https:\/\/retailmediabaltic.com\/lt\/wp-json\/wp\/v2\/comments?post=4609"}],"version-history":[{"count":39,"href":"https:\/\/retailmediabaltic.com\/lt\/wp-json\/wp\/v2\/pages\/4609\/revisions"}],"predecessor-version":[{"id":4904,"href":"https:\/\/retailmediabaltic.com\/lt\/wp-json\/wp\/v2\/pages\/4609\/revisions\/4904"}],"wp:attachment":[{"href":"https:\/\/retailmediabaltic.com\/lt\/wp-json\/wp\/v2\/media?parent=4609"}],"curies":[{"name":"wp","href":"https:\/\/api.w.org\/{rel}","templated":true}]}}